{"id":11,"date":"2022-12-14T16:28:54","date_gmt":"2022-12-14T15:28:54","guid":{"rendered":"https:\/\/ancestrastudios.com\/?page_id=11"},"modified":"2024-10-12T22:56:10","modified_gmt":"2024-10-12T20:56:10","slug":"home","status":"publish","type":"page","link":"https:\/\/ancestrastudios.com\/fr_fr\/","title":{"rendered":"Ancestra Studio &#8211; Production Visuel \u00e0 Montr\u00e9al"},"content":{"rendered":"\t\t<div data-elementor-type=\"wp-page\" data-elementor-id=\"11\" class=\"elementor elementor-11\" data-elementor-post-type=\"page\">\n\t\t\t\t\t\t<section class=\"elementor-section elementor-top-section elementor-element elementor-element-fe0a519 elementor-section-boxed elementor-section-height-default elementor-section-height-default\" data-id=\"fe0a519\" data-element_type=\"section\">\n\t\t\t\t\t\t<div class=\"elementor-container elementor-column-gap-default\">\n\t\t\t\t\t<div class=\"elementor-column elementor-col-100 elementor-top-column elementor-element elementor-element-421f882\" data-id=\"421f882\" data-element_type=\"column\">\n\t\t\t<div class=\"elementor-widget-wrap elementor-element-populated\">\n\t\t\t\t\t\t<div class=\"elementor-element elementor-element-2eea365 elementor-widget elementor-widget-heading\" data-id=\"2eea365\" data-element_type=\"widget\" data-widget_type=\"heading.default\">\n\t\t\t\t<div class=\"elementor-widget-container\">\n\t\t\t<h2 class=\"elementor-heading-title elementor-size-default\">Soci\u00e9t\u00e9 de production<\/h2>\t\t<\/div>\n\t\t\t\t<\/div>\n\t\t\t\t<div class=\"elementor-element elementor-element-1381bf0 elementor-widget elementor-widget-text-editor\" data-id=\"1381bf0\" data-element_type=\"widget\" data-widget_type=\"text-editor.default\">\n\t\t\t\t<div class=\"elementor-widget-container\">\n\t\t\t\t\t\t\t<p><strong>ANCESTRA Studios<\/strong> est une soci\u00e9t\u00e9 de production fran\u00e7aise.<\/p><p>Au c\u0153ur m\u00eame d\u2019<strong>ANCESTRA<\/strong> s\u2019est regroup\u00e9e une \u00e9quipe professionnelle de passionn\u00e9(e)s du monde du cin\u00e9ma.<\/p><p>La soci\u00e9t\u00e9 est pr\u00e9sente afin d\u2019accueillir le projet de Fan Film \u00ab <em>Spider-Man Genesis<\/em> \u00bb.<\/p><p><em>Spider-Man Genesis<\/em> est le premier opus d\u2019une s\u00e9rie de fans films r\u00e9interpr\u00e9tant l\u2019histoire de Peter Parker au sein d\u2019un nouvel univers tr\u00e8s sombre directement inspir\u00e9 des comics.<\/p><p>Principalement financ\u00e9 par les fans via des campagnes de financements participatifs (milieu d\u2019ann\u00e9e 2025), le projet est sans profits et n\u2019est pas associ\u00e9 \u00e0 Marvel, Sony ou tout autre organisme disposant de droits sur Spider-Man.<\/p><p>Le film ne percevra aucun b\u00e9n\u00e9fice et sera disponible gratuitement sur YouTube en Anglais et en Fran\u00e7ais.\u00a0<\/p><p>Cette page est provisoire et sera compl\u00e9t\u00e9e au fur et \u00e0 mesure de l\u2019avanc\u00e9e du projet <em>Spider-Man Genesis.<\/em><\/p><p>Toutes les informations \u00e0 propos du projet seront diffus\u00e9es au compte-gouttes sur nos r\u00e9seaux sociaux.<\/p>\t\t\t\t\t\t<\/div>\n\t\t\t\t<\/div>\n\t\t\t\t<div class=\"elementor-element elementor-element-a306c2b elementor-icon-list--layout-inline elementor-align-center elementor-list-item-link-full_width elementor-widget elementor-widget-icon-list\" data-id=\"a306c2b\" data-element_type=\"widget\" data-widget_type=\"icon-list.default\">\n\t\t\t\t<div class=\"elementor-widget-container\">\n\t\t\t\t\t<ul class=\"elementor-icon-list-items elementor-inline-items\">\n\t\t\t\t\t\t\t<li class=\"elementor-icon-list-item elementor-inline-item\">\n\t\t\t\t\t\t\t\t\t\t\t<a href=\"https:\/\/www.instagram.com\/ancestrastudios\/\" target=\"_blank\" rel=\"noopener\">\n\n\t\t\t\t\t\t\t\t\t\t\t\t<span class=\"elementor-icon-list-icon\">\n\t\t\t\t\t\t\t<i aria-hidden=\"true\" class=\"fab fa-instagram\"><\/i>\t\t\t\t\t\t<\/span>\n\t\t\t\t\t\t\t\t\t\t<span class=\"elementor-icon-list-text\">Instagram<\/span>\n\t\t\t\t\t\t\t\t\t\t\t<\/a>\n\t\t\t\t\t\t\t\t\t<\/li>\n\t\t\t\t\t\t\t\t<li class=\"elementor-icon-list-item elementor-inline-item\">\n\t\t\t\t\t\t\t\t\t\t\t<a href=\"https:\/\/www.tiktok.com\/@ancestrastudios\" target=\"_blank\" rel=\"noopener\">\n\n\t\t\t\t\t\t\t\t\t\t\t\t<span class=\"elementor-icon-list-icon\">\n\t\t\t\t\t\t\t<i aria-hidden=\"true\" class=\"fab fa-tiktok\"><\/i>\t\t\t\t\t\t<\/span>\n\t\t\t\t\t\t\t\t\t\t<span class=\"elementor-icon-list-text\">Tiktok<\/span>\n\t\t\t\t\t\t\t\t\t\t\t<\/a>\n\t\t\t\t\t\t\t\t\t<\/li>\n\t\t\t\t\t\t\t\t<li class=\"elementor-icon-list-item elementor-inline-item\">\n\t\t\t\t\t\t\t\t\t\t\t<a href=\"https:\/\/www.youtube.com\/channel\/UCmtydPWPg1iRVuhVzTkgkcA\" target=\"_blank\" rel=\"noopener\">\n\n\t\t\t\t\t\t\t\t\t\t\t\t<span class=\"elementor-icon-list-icon\">\n\t\t\t\t\t\t\t<i aria-hidden=\"true\" class=\"fab fa-youtube\"><\/i>\t\t\t\t\t\t<\/span>\n\t\t\t\t\t\t\t\t\t\t<span class=\"elementor-icon-list-text\">Youtube<\/span>\n\t\t\t\t\t\t\t\t\t\t\t<\/a>\n\t\t\t\t\t\t\t\t\t<\/li>\n\t\t\t\t\t\t<\/ul>\n\t\t\t\t<\/div>\n\t\t\t\t<\/div>\n\t\t\t\t\t<\/div>\n\t\t<\/div>\n\t\t\t\t\t<\/div>\n\t\t<\/section>\n\t\t\t\t<\/div>\n\t\t","protected":false},"excerpt":{"rendered":"<p>Soci\u00e9t\u00e9 de production ANCESTRA Studios est une soci\u00e9t\u00e9 de production fran\u00e7aise. Au c\u0153ur m\u00eame d\u2019ANCESTRA s\u2019est regroup\u00e9e une \u00e9quipe professionnelle de passionn\u00e9(e)s du monde du cin\u00e9ma. La soci\u00e9t\u00e9 est pr\u00e9sente afin d\u2019accueillir le projet de Fan Film \u00ab Spider-Man Genesis \u00bb. Spider-Man Genesis est le premier opus d\u2019une s\u00e9rie de fans films r\u00e9interpr\u00e9tant l\u2019histoire de [&hellip;]<\/p>\n","protected":false},"author":1,"featured_media":18,"parent":0,"menu_order":0,"comment_status":"closed","ping_status":"closed","template":"","meta":{"footnotes":""},"class_list":["post-11","page","type-page","status-publish","has-post-thumbnail","hentry"],"_links":{"self":[{"href":"https:\/\/ancestrastudios.com\/fr_fr\/wp-json\/wp\/v2\/pages\/11","targetHints":{"allow":["GET"]}}],"collection":[{"href":"https:\/\/ancestrastudios.com\/fr_fr\/wp-json\/wp\/v2\/pages"}],"about":[{"href":"https:\/\/ancestrastudios.com\/fr_fr\/wp-json\/wp\/v2\/types\/page"}],"author":[{"embeddable":true,"href":"https:\/\/ancestrastudios.com\/fr_fr\/wp-json\/wp\/v2\/users\/1"}],"replies":[{"embeddable":true,"href":"https:\/\/ancestrastudios.com\/fr_fr\/wp-json\/wp\/v2\/comments?post=11"}],"version-history":[{"count":65,"href":"https:\/\/ancestrastudios.com\/fr_fr\/wp-json\/wp\/v2\/pages\/11\/revisions"}],"predecessor-version":[{"id":195,"href":"https:\/\/ancestrastudios.com\/fr_fr\/wp-json\/wp\/v2\/pages\/11\/revisions\/195"}],"wp:featuredmedia":[{"embeddable":true,"href":"https:\/\/ancestrastudios.com\/fr_fr\/wp-json\/wp\/v2\/media\/18"}],"wp:attachment":[{"href":"https:\/\/ancestrastudios.com\/fr_fr\/wp-json\/wp\/v2\/media?parent=11"}],"curies":[{"name":"wp","href":"https:\/\/api.w.org\/{rel}","templated":true}]}}